{"id":1346,"date":"2025-09-21T15:46:36","date_gmt":"2025-09-21T13:46:36","guid":{"rendered":"https:\/\/www.mathilde-coaching.fr\/?page_id=1346"},"modified":"2025-09-24T23:25:56","modified_gmt":"2025-09-24T21:25:56","slug":"a-propos","status":"publish","type":"page","link":"https:\/\/www.mathilde-coaching.fr\/?page_id=1346","title":{"rendered":"A propos"},"content":{"rendered":"\n<div class=\"wp-block-columns is-layout-flex wp-container-core-columns-is-layout-9d6595d7 wp-block-columns-is-layout-flex\">\n<div class=\"wp-block-column is-vertically-aligned-center is-layout-flow wp-block-column-is-layout-flow\">\n<p><\/p>\n\n\n\n<p><\/p>\n\n\n\n<p><\/p>\n\n\n\n<p>En 2016, j\u2019ai commenc\u00e9 le renforcement musculaire \u00e0 la maison et la course \u00e0 pied dans l\u2019optique de me remettre en forme et de prendre de la masse musculaire (je faisais 55 kg pour 1m75, donc la morphologie d\u2019un cure dent typiquement), mais le renfo \u00e0 la maison \u00e7a a ses limites. <\/p>\n\n\n\n<p>En 2017, je m\u2019inscris dans une box de CROSSFIT, apr\u00e8s quelques mois \u00e0 pratiquer ce sport je me mets \u00e0 la musculation car je n\u2019avais pas des fondations solides pour supporter les efforts intenses, je progresse tr\u00e8s lentement par manque de connaissances et par manque de r\u00e9gularit\u00e9.<\/p>\n\n\n\n<p>En 2019, je me blesse \u00e0 l\u2019\u00e9paule en plein milieu de mon ann\u00e9e de BPJEPS, j\u2019ai donc r\u00e9gress\u00e9 pendant quelque temps mais j\u2019ai d\u00e9cid\u00e9 de ne jamais rien l\u00e2cher. Mon physique a vraiment bien boug\u00e9 en 2021 lorsque j\u2019ai compris qu\u2019il fallait mettre beaucoup plus d\u2019intensit\u00e9 dans mes entra\u00eenements. J\u2019ai alors d\u00e9velopp\u00e9 une bonne masse musculaire avec un physique qui reste tout de m\u00eame assez fin et athl\u00e9tique et j\u2019ai gu\u00e9ri de ma blessure.<\/p>\n\n\n\n<p><\/p>\n<\/div>\n\n\n\n<div class=\"wp-block-column is-layout-flow wp-block-column-is-layout-flow\">\n<figure class=\"wp-block-image size-full\"><img loading=\"lazy\" decoding=\"async\" width=\"598\" height=\"598\" src=\"https:\/\/www.mathilde-coaching.fr\/wp-content\/uploads\/2023\/07\/Capture-decran-2023-07-22-a-00.07.58.png\" alt=\"\" class=\"wp-image-1090\" srcset=\"https:\/\/www.mathilde-coaching.fr\/wp-content\/uploads\/2023\/07\/Capture-decran-2023-07-22-a-00.07.58.png 598w, https:\/\/www.mathilde-coaching.fr\/wp-content\/uploads\/2023\/07\/Capture-decran-2023-07-22-a-00.07.58-80x80.png 80w, https:\/\/www.mathilde-coaching.fr\/wp-content\/uploads\/2023\/07\/Capture-decran-2023-07-22-a-00.07.58-300x300.png 300w, https:\/\/www.mathilde-coaching.fr\/wp-content\/uploads\/2023\/07\/Capture-decran-2023-07-22-a-00.07.58-100x100.png 100w\" sizes=\"auto, (max-width: 598px) 100vw, 598px\" \/><\/figure>\n<\/div>\n<\/div>\n\n\n\n<div class=\"wp-block-columns is-layout-flex wp-container-core-columns-is-layout-9d6595d7 wp-block-columns-is-layout-flex\">\n<div class=\"wp-block-column is-layout-flow wp-block-column-is-layout-flow\">\n<figure class=\"wp-block-image size-large\"><img loading=\"lazy\" decoding=\"async\" width=\"816\" height=\"694\" src=\"https:\/\/www.mathilde-coaching.fr\/wp-content\/uploads\/2023\/07\/Capture-decran-2023-07-22-a-00.05.31-816x694.png\" alt=\"\" class=\"wp-image-1089\"\/><\/figure>\n<\/div>\n\n\n\n<div class=\"wp-block-column is-vertically-aligned-center is-layout-flow wp-block-column-is-layout-flow\">\n<p><\/p>\n\n\n\n<p><\/p>\n\n\n\n<p><\/p>\n\n\n\n<p><\/p>\n\n\n\n<p>J\u2019ai pu faire toutes les erreurs possibles et inimaginables en muscu et je pense que c\u2019est ce qui fait ma force aujourd\u2019hui pour accompagner d\u2019autres personnes dans leur transformation. Selon moi \u00eatre un bon coach ce n\u2019est pas forc\u00e9ment \u00eatre un bon athl\u00e8te, certains sont naturellement bons et ne sont pas forc\u00e9ment capables d\u2019expliquer comment ils font pour \u00eatre bons. Tandis que les gens qui n\u2019ont pas une g\u00e9n\u00e9tique avantageuse (propension \u00e0 se blesser, longs segments\u2026) gal\u00e8rent tellement pour arriver \u00e0 \u00eatres bons, qu\u2019ils deviennent finalement bons pour transmettre et \u00ab trouver des solutions \u00bb. De la m\u00eame mani\u00e8re, quelqu\u2019un qui ne s\u2019est jamais bless\u00e9 aura du mal \u00e0 donner des \u00ab solutions \u00bb contrairement \u00e0 celui qui a encha\u00een\u00e9 les p\u00e9pins.<\/p>\n<\/div>\n<\/div>\n\n\n\n<div class=\"wp-block-columns is-layout-flex wp-container-core-columns-is-layout-9d6595d7 wp-block-columns-is-layout-flex\">\n<div class=\"wp-block-column is-layout-flow wp-block-column-is-layout-flow\">\n<p><\/p>\n\n\n\n<p><\/p>\n\n\n\n<h2 class=\"wp-block-heading has-text-align-center\">MON PARCOURS EN TANT QUE COACH<\/h2>\n<\/div>\n<\/div>\n\n\n\n<div class=\"wp-block-columns is-layout-flex wp-container-core-columns-is-layout-9d6595d7 wp-block-columns-is-layout-flex\">\n<div class=\"wp-block-column is-vertically-aligned-center is-layout-flow wp-block-column-is-layout-flow\">\n<p><strong>En 2019<\/strong>, je passe une formation en Nutrition du sportif car la nutrition me passionnait (et me passionne toujours) \u00e9norm\u00e9ment. <\/p>\n\n\n\n<p><strong>En 2020<\/strong>, j\u2019obtiens mon dipl\u00f4me BJPEPS AF pour \u00eatre coach sportif et je passe dans le m\u00eame temps une formation Pilates. J\u2019ai d\u2019abord travaill\u00e9 en faisant quelques coachings \u00e0 domicile et programmes assez basiques. <\/p>\n\n\n\n<p><strong>En 2021<\/strong>, j\u2019ai commenc\u00e9 les coachings en salle, je fais alors \u00e9norm\u00e9ment de programmes gratuitement pour tester des choses, voir ce qui fonctionne et ce qui ne fonctionne pas, je prends de l\u2019exp\u00e9rience, d\u00e9veloppe mes connaissances et j\u2019en profite pour tester mes programmes sur moi.<\/p>\n\n\n\n<p><strong>Je coach depuis 3 ans<\/strong> maintenant et en <strong>janvier 2022<\/strong>, j\u2019ai d\u00e9velopp\u00e9 les <strong>suivis en ligne et pr\u00e9sentiel<\/strong>, j\u2019ai une cinquantaine de clients accompagn\u00e9s. Je suis tr\u00e8s investie pour que chaque personne progresse le mieux. En coaching, avec mon approche holistique, on regardera votre alimentation, vos performances mais aussi vos habitudes, vos \u00e9ventuels blocages, votre environnement et votre mindset. Pour plus d\u2019infos envoyez moi un mail \u00e0 <strong>fatybcoaching@gmail.com<\/strong>.<\/p>\n<\/div>\n<\/div>\n\n\n\n<div class=\"wp-block-columns is-layout-flex wp-container-core-columns-is-layout-9d6595d7 wp-block-columns-is-layout-flex\">\n<div class=\"wp-block-column is-layout-flow wp-block-column-is-layout-flow\">\n<h2 class=\"wp-block-heading has-text-align-center\">POURQUOI ME FAIRE CONFIANCE ?<\/h2>\n<\/div>\n<\/div>\n\n\n\n<div class=\"wp-block-columns is-layout-flex wp-container-core-columns-is-layout-9d6595d7 wp-block-columns-is-layout-flex\">\n<div class=\"wp-block-column is-vertically-aligned-center is-layout-flow wp-block-column-is-layout-flow\">\n<p>A partir du moment o\u00f9 vous prenez un suivi avec moi, je suis hyper investie. Que vous soyez d\u00e9butant ou confirm\u00e9, je serais disponible pour que votre \u00e9volution se fasse dans les meilleures conditions. Je suis tellement passionn\u00e9e et curieuse que je passe ma vie dans les livres et \u00e0 me former. On apprend tous les jours et j\u2019apprends aussi \u00e9norm\u00e9ment de chaque personne qui passent en suivi.<\/p>\n\n\n\n<p>Mon objectif est que chaque \u00e9l\u00e8ve d\u00e9veloppe de solides connaissances sur la sant\u00e9, sur soi, son corps, son fonctionnement et une bonne hygi\u00e8ne de vie lui permettant de continuer son chemin en ayant toutes les cartes en main. J\u2019analyse votre hygi\u00e8ne de vie, votre \u00e9tat d\u2019esprit, votre niveau, votre structure osseuse et musculaire pour vous proposer des suivis personnalis\u00e9s. Je me rends disponible tous les jours sur WhatsApp pour corriger vos ex\u00e9cutions, r\u00e9pondre \u00e0 vos questions, r\u00e9ajuster les programmes, pour vous accompagner dans vos doutes, vos questionnements. <\/p>\n\n\n\n<p>Le but n\u2019est pas qu\u2019un changement physique mais une vraie transformation. N\u2019ayez pas peur d\u2019\u00e9changer avec moi un maximum pour que nous avancions ensemble dans la m\u00eame direction.<\/p>\n<\/div>\n<\/div>\n\n\n\n<div class=\"wp-block-columns is-layout-flex wp-container-core-columns-is-layout-9d6595d7 wp-block-columns-is-layout-flex\">\n<div class=\"wp-block-column is-layout-flow wp-block-column-is-layout-flow\">\n<h2 class=\"wp-block-heading has-text-align-center\">MES VALEURS<\/h2>\n<\/div>\n<\/div>\n\n\n\n<div class=\"wp-block-columns is-layout-flex wp-container-core-columns-is-layout-9d6595d7 wp-block-columns-is-layout-flex\">\n<div class=\"wp-block-column is-layout-flow wp-block-column-is-layout-flow\">\n<p class=\"has-text-align-left\">Bienveillance, confiance &amp; partage sont les piliers de mon suivi. Pour en savoir plus vous pouvez aller lire les t\u00e9moignages de mes \u00e9l\u00e8ves.<\/p>\n<\/div>\n<\/div>\n","protected":false},"excerpt":{"rendered":"<p>En 2016, j\u2019ai commenc\u00e9 le renforcement musculaire \u00e0 la maison et la course \u00e0 pied dans l\u2019optique de me remettre en forme et de prendre de la masse musculaire (je faisais 55 kg pour 1m75, donc la morphologie d\u2019un cure dent typiquement), mais le renfo \u00e0 la maison \u00e7a a ses limites. En 2017, je<\/p>\n","protected":false},"author":1,"featured_media":0,"parent":0,"menu_order":0,"comment_status":"closed","ping_status":"closed","template":"","meta":{"footnotes":""},"class_list":["post-1346","page","type-page","status-publish","hentry"],"yoast_head":"<!-- This site is optimized with the Yoast SEO plugin v27.5 - https:\/\/yoast.com\/product\/yoast-seo-wordpress\/ -->\n<title>A propos - Mathilde Coaching Tours<\/title>\n<meta name=\"robots\" content=\"index, follow, max-snippet:-1, max-image-preview:large, max-video-preview:-1\" \/>\n<link rel=\"canonical\" href=\"https:\/\/www.mathilde-coaching.fr\/?page_id=1346\" \/>\n<meta property=\"og:locale\" content=\"fr_FR\" \/>\n<meta property=\"og:type\" content=\"article\" \/>\n<meta property=\"og:title\" content=\"A propos - Mathilde Coaching Tours\" \/>\n<meta property=\"og:description\" content=\"En 2016, j\u2019ai commenc\u00e9 le renforcement musculaire \u00e0 la maison et la course \u00e0 pied dans l\u2019optique de me remettre en forme et de prendre de la masse musculaire (je faisais 55 kg pour 1m75, donc la morphologie d\u2019un cure dent typiquement), mais le renfo \u00e0 la maison \u00e7a a ses limites. En 2017, je\" \/>\n<meta property=\"og:url\" content=\"https:\/\/www.mathilde-coaching.fr\/?page_id=1346\" \/>\n<meta property=\"og:site_name\" content=\"Mathilde Coaching Tours\" \/>\n<meta property=\"article:modified_time\" content=\"2025-09-24T21:25:56+00:00\" \/>\n<meta property=\"og:image\" content=\"https:\/\/www.mathilde-coaching.fr\/wp-content\/uploads\/2023\/07\/Capture-decran-2023-07-22-a-00.07.58.png\" \/>\n\t<meta property=\"og:image:width\" content=\"598\" \/>\n\t<meta property=\"og:image:height\" content=\"598\" \/>\n\t<meta property=\"og:image:type\" content=\"image\/png\" \/>\n<meta name=\"twitter:card\" content=\"summary_large_image\" \/>\n<meta name=\"twitter:label1\" content=\"Dur\u00e9e de lecture estim\u00e9e\" \/>\n\t<meta name=\"twitter:data1\" content=\"4 minutes\" \/>\n<script type=\"application\/ld+json\" class=\"yoast-schema-graph\">{\"@context\":\"https:\\\/\\\/schema.org\",\"@graph\":[{\"@type\":\"WebPage\",\"@id\":\"https:\\\/\\\/www.mathilde-coaching.fr\\\/?page_id=1346\",\"url\":\"https:\\\/\\\/www.mathilde-coaching.fr\\\/?page_id=1346\",\"name\":\"A propos - Mathilde Coaching Tours\",\"isPartOf\":{\"@id\":\"https:\\\/\\\/www.mathilde-coaching.fr\\\/#website\"},\"primaryImageOfPage\":{\"@id\":\"https:\\\/\\\/www.mathilde-coaching.fr\\\/?page_id=1346#primaryimage\"},\"image\":{\"@id\":\"https:\\\/\\\/www.mathilde-coaching.fr\\\/?page_id=1346#primaryimage\"},\"thumbnailUrl\":\"https:\\\/\\\/www.mathilde-coaching.fr\\\/wp-content\\\/uploads\\\/2023\\\/07\\\/Capture-decran-2023-07-22-a-00.07.58.png\",\"datePublished\":\"2025-09-21T13:46:36+00:00\",\"dateModified\":\"2025-09-24T21:25:56+00:00\",\"breadcrumb\":{\"@id\":\"https:\\\/\\\/www.mathilde-coaching.fr\\\/?page_id=1346#breadcrumb\"},\"inLanguage\":\"fr-FR\",\"potentialAction\":[{\"@type\":\"ReadAction\",\"target\":[\"https:\\\/\\\/www.mathilde-coaching.fr\\\/?page_id=1346\"]}]},{\"@type\":\"ImageObject\",\"inLanguage\":\"fr-FR\",\"@id\":\"https:\\\/\\\/www.mathilde-coaching.fr\\\/?page_id=1346#primaryimage\",\"url\":\"https:\\\/\\\/www.mathilde-coaching.fr\\\/wp-content\\\/uploads\\\/2023\\\/07\\\/Capture-decran-2023-07-22-a-00.07.58.png\",\"contentUrl\":\"https:\\\/\\\/www.mathilde-coaching.fr\\\/wp-content\\\/uploads\\\/2023\\\/07\\\/Capture-decran-2023-07-22-a-00.07.58.png\",\"width\":598,\"height\":598},{\"@type\":\"BreadcrumbList\",\"@id\":\"https:\\\/\\\/www.mathilde-coaching.fr\\\/?page_id=1346#breadcrumb\",\"itemListElement\":[{\"@type\":\"ListItem\",\"position\":1,\"name\":\"Accueil\",\"item\":\"https:\\\/\\\/www.mathilde-coaching.fr\\\/\"},{\"@type\":\"ListItem\",\"position\":2,\"name\":\"A propos\"}]},{\"@type\":\"WebSite\",\"@id\":\"https:\\\/\\\/www.mathilde-coaching.fr\\\/#website\",\"url\":\"https:\\\/\\\/www.mathilde-coaching.fr\\\/\",\"name\":\"Mathilde Coaching Tours\",\"description\":\"Votre sant\u00e9 est entre vos mains\",\"potentialAction\":[{\"@type\":\"SearchAction\",\"target\":{\"@type\":\"EntryPoint\",\"urlTemplate\":\"https:\\\/\\\/www.mathilde-coaching.fr\\\/?s={search_term_string}\"},\"query-input\":{\"@type\":\"PropertyValueSpecification\",\"valueRequired\":true,\"valueName\":\"search_term_string\"}}],\"inLanguage\":\"fr-FR\"}]}<\/script>\n<!-- \/ Yoast SEO plugin. -->","yoast_head_json":{"title":"A propos - Mathilde Coaching Tours","robots":{"index":"index","follow":"follow","max-snippet":"max-snippet:-1","max-image-preview":"max-image-preview:large","max-video-preview":"max-video-preview:-1"},"canonical":"https:\/\/www.mathilde-coaching.fr\/?page_id=1346","og_locale":"fr_FR","og_type":"article","og_title":"A propos - Mathilde Coaching Tours","og_description":"En 2016, j\u2019ai commenc\u00e9 le renforcement musculaire \u00e0 la maison et la course \u00e0 pied dans l\u2019optique de me remettre en forme et de prendre de la masse musculaire (je faisais 55 kg pour 1m75, donc la morphologie d\u2019un cure dent typiquement), mais le renfo \u00e0 la maison \u00e7a a ses limites. En 2017, je","og_url":"https:\/\/www.mathilde-coaching.fr\/?page_id=1346","og_site_name":"Mathilde Coaching Tours","article_modified_time":"2025-09-24T21:25:56+00:00","og_image":[{"width":598,"height":598,"url":"https:\/\/www.mathilde-coaching.fr\/wp-content\/uploads\/2023\/07\/Capture-decran-2023-07-22-a-00.07.58.png","type":"image\/png"}],"twitter_card":"summary_large_image","twitter_misc":{"Dur\u00e9e de lecture estim\u00e9e":"4 minutes"},"schema":{"@context":"https:\/\/schema.org","@graph":[{"@type":"WebPage","@id":"https:\/\/www.mathilde-coaching.fr\/?page_id=1346","url":"https:\/\/www.mathilde-coaching.fr\/?page_id=1346","name":"A propos - Mathilde Coaching Tours","isPartOf":{"@id":"https:\/\/www.mathilde-coaching.fr\/#website"},"primaryImageOfPage":{"@id":"https:\/\/www.mathilde-coaching.fr\/?page_id=1346#primaryimage"},"image":{"@id":"https:\/\/www.mathilde-coaching.fr\/?page_id=1346#primaryimage"},"thumbnailUrl":"https:\/\/www.mathilde-coaching.fr\/wp-content\/uploads\/2023\/07\/Capture-decran-2023-07-22-a-00.07.58.png","datePublished":"2025-09-21T13:46:36+00:00","dateModified":"2025-09-24T21:25:56+00:00","breadcrumb":{"@id":"https:\/\/www.mathilde-coaching.fr\/?page_id=1346#breadcrumb"},"inLanguage":"fr-FR","potentialAction":[{"@type":"ReadAction","target":["https:\/\/www.mathilde-coaching.fr\/?page_id=1346"]}]},{"@type":"ImageObject","inLanguage":"fr-FR","@id":"https:\/\/www.mathilde-coaching.fr\/?page_id=1346#primaryimage","url":"https:\/\/www.mathilde-coaching.fr\/wp-content\/uploads\/2023\/07\/Capture-decran-2023-07-22-a-00.07.58.png","contentUrl":"https:\/\/www.mathilde-coaching.fr\/wp-content\/uploads\/2023\/07\/Capture-decran-2023-07-22-a-00.07.58.png","width":598,"height":598},{"@type":"BreadcrumbList","@id":"https:\/\/www.mathilde-coaching.fr\/?page_id=1346#breadcrumb","itemListElement":[{"@type":"ListItem","position":1,"name":"Accueil","item":"https:\/\/www.mathilde-coaching.fr\/"},{"@type":"ListItem","position":2,"name":"A propos"}]},{"@type":"WebSite","@id":"https:\/\/www.mathilde-coaching.fr\/#website","url":"https:\/\/www.mathilde-coaching.fr\/","name":"Mathilde Coaching Tours","description":"Votre sant\u00e9 est entre vos mains","potentialAction":[{"@type":"SearchAction","target":{"@type":"EntryPoint","urlTemplate":"https:\/\/www.mathilde-coaching.fr\/?s={search_term_string}"},"query-input":{"@type":"PropertyValueSpecification","valueRequired":true,"valueName":"search_term_string"}}],"inLanguage":"fr-FR"}]}},"_links":{"self":[{"href":"https:\/\/www.mathilde-coaching.fr\/index.php?rest_route=\/wp\/v2\/pages\/1346","targetHints":{"allow":["GET"]}}],"collection":[{"href":"https:\/\/www.mathilde-coaching.fr\/index.php?rest_route=\/wp\/v2\/pages"}],"about":[{"href":"https:\/\/www.mathilde-coaching.fr\/index.php?rest_route=\/wp\/v2\/types\/page"}],"author":[{"embeddable":true,"href":"https:\/\/www.mathilde-coaching.fr\/index.php?rest_route=\/wp\/v2\/users\/1"}],"replies":[{"embeddable":true,"href":"https:\/\/www.mathilde-coaching.fr\/index.php?rest_route=%2Fwp%2Fv2%2Fcomments&post=1346"}],"version-history":[{"count":9,"href":"https:\/\/www.mathilde-coaching.fr\/index.php?rest_route=\/wp\/v2\/pages\/1346\/revisions"}],"predecessor-version":[{"id":1437,"href":"https:\/\/www.mathilde-coaching.fr\/index.php?rest_route=\/wp\/v2\/pages\/1346\/revisions\/1437"}],"wp:attachment":[{"href":"https:\/\/www.mathilde-coaching.fr\/index.php?rest_route=%2Fwp%2Fv2%2Fmedia&parent=1346"}],"curies":[{"name":"wp","href":"https:\/\/api.w.org\/{rel}","templated":true}]}}